{"id":11,"date":"2021-06-23T11:42:47","date_gmt":"2021-06-23T14:42:47","guid":{"rendered":"https:\/\/advocaciacoutinho.com.br\/blog\/?page_id=11"},"modified":"2021-06-23T11:42:47","modified_gmt":"2021-06-23T14:42:47","slug":"escritorio","status":"publish","type":"page","link":"https:\/\/advocaciacoutinho.com.br\/blog\/?page_id=11","title":{"rendered":"Escrit\u00f3rio"},"content":{"rendered":"\n<p>Com mais de 25 anos de atua\u00e7\u00e3o em processos judiciais e administrativos, n\u00f3s da\u00a0<strong>COUTINHO ADVOGADOS<\/strong>\u00a0contamos com profissionais qualificados e experientes.<\/p>\n\n\n\n<p>Temos uma filosofia de trabalho voltada para a qualidade, cumprimento de prazos, sigilo, efici\u00eancia, profissionalismo e acessibilidade.<\/p>\n\n\n\n<p>Asseguramos a excel\u00eancia de nossos servi\u00e7os, estamos permanentemente inovando nossos processos por meio de programas de especializa\u00e7\u00e3o.<\/p>\n\n\n\n<p>Nossa motiva\u00e7\u00e3o \u00e9 cuidar dos casos de nossos clientes com celeridade e dedica\u00e7\u00e3o, proporcionando um diferencial na rela\u00e7\u00e3o custo\/benef\u00edcio.<\/p>\n\n\n\n<p>Estamos sempre atentos \u00e0s novidades jur\u00eddicas e de mercado no intuito de oferecer sempre o melhor.<\/p>\n\n\n\n<p>Assim criamos um escrit\u00f3rio s\u00f3lido, que ao longo dos anos estruturou-se e obteve resultados de sucesso.<\/p>\n\n\n\n<p><strong>Miss\u00e3o:<\/strong>\u00a0Trabalhar com afinco no processo judicial para obter decis\u00f5es favor\u00e1veis aos nossos clientes, contribuindo para o convencimento do julgador. Realizar as atividades privativas da advocacia, como a postula\u00e7\u00e3o a \u00f3rg\u00e3o do Poder Judici\u00e1rio e aos juizados especiais; as atividades de consultoria, assessoria e dire\u00e7\u00e3o jur\u00eddica; os atos e contratos constitutivos de pessoas jur\u00eddicas, sendo indispens\u00e1vel \u00e0 administra\u00e7\u00e3o da justi\u00e7a.\u00a0<\/p>\n\n\n\n<p><strong>Vis\u00e3o:\u00a0<\/strong>Ser uma organiza\u00e7\u00e3o de refer\u00eancia, reconhecida pelo profissionalismo e qualidade na presta\u00e7\u00e3o de servi\u00e7os.<\/p>\n\n\n\n<p><strong>Valores:<\/strong>&nbsp;Lealdade, \u00c9tica, Transpar\u00eancia, Inova\u00e7\u00e3o, Responsabilidade, Comprometimento, e Respeito ao Pr\u00f3ximo. Exercer a advocacia com conduta compat\u00edvel aos preceitos legais e princ\u00edpios morais, individuais, sociais e profissionais.<\/p>\n","protected":false},"excerpt":{"rendered":"<p>Com mais de 25 anos de atua\u00e7\u00e3o em processos judiciais e administrativos, n\u00f3s da\u00a0COUTINHO ADVOGADOS\u00a0contamos com profissionais qualificados e experientes. Temos uma filosofia de trabalho voltada para a qualidade, cumprimento de prazos, sigilo, efici\u00eancia, profissionalismo e acessibilidade. Asseguramos a excel\u00eancia &hellip; <a href=\"https:\/\/advocaciacoutinho.com.br\/blog\/?page_id=11\">Continue lendo <span class=\"meta-nav\">&rarr;<\/span><\/a><\/p>\n","protected":false},"author":1,"featured_media":0,"parent":0,"menu_order":0,"comment_status":"closed","ping_status":"closed","template":"","meta":{"footnotes":""},"class_list":["post-11","page","type-page","status-publish","hentry"],"_links":{"self":[{"href":"https:\/\/advocaciacoutinho.com.br\/blog\/index.php?rest_route=\/wp\/v2\/pages\/11","targetHints":{"allow":["GET"]}}],"collection":[{"href":"https:\/\/advocaciacoutinho.com.br\/blog\/index.php?rest_route=\/wp\/v2\/pages"}],"about":[{"href":"https:\/\/advocaciacoutinho.com.br\/blog\/index.php?rest_route=\/wp\/v2\/types\/page"}],"author":[{"embeddable":true,"href":"https:\/\/advocaciacoutinho.com.br\/blog\/index.php?rest_route=\/wp\/v2\/users\/1"}],"replies":[{"embeddable":true,"href":"https:\/\/advocaciacoutinho.com.br\/blog\/index.php?rest_route=%2Fwp%2Fv2%2Fcomments&post=11"}],"version-history":[{"count":1,"href":"https:\/\/advocaciacoutinho.com.br\/blog\/index.php?rest_route=\/wp\/v2\/pages\/11\/revisions"}],"predecessor-version":[{"id":12,"href":"https:\/\/advocaciacoutinho.com.br\/blog\/index.php?rest_route=\/wp\/v2\/pages\/11\/revisions\/12"}],"wp:attachment":[{"href":"https:\/\/advocaciacoutinho.com.br\/blog\/index.php?rest_route=%2Fwp%2Fv2%2Fmedia&parent=11"}],"curies":[{"name":"wp","href":"https:\/\/api.w.org\/{rel}","templated":true}]}}